{"id":1076,"date":"2018-12-05T17:33:42","date_gmt":"2018-12-05T16:33:42","guid":{"rendered":"https:\/\/www.feuerwehr-emtinghausen.de\/?page_id=1076"},"modified":"2022-12-25T15:28:45","modified_gmt":"2022-12-25T14:28:45","slug":"wir-ueber-uns","status":"publish","type":"page","link":"https:\/\/www.feuerwehr-emtinghausen.de\/index.php\/wir-ueber-uns\/","title":{"rendered":"Wir \u00fcber uns"},"content":{"rendered":"<p>Vielen Dank das Sie unsere Internetseite besuchen. Die Freiwillige Feuerwehr Emtinghausen ist nach der Feuerwehrverordnung in Niedersachsen eine Ortsfeuerwehr mit Grundausstattung. Diese gliedert sich nach der Feuerwehrsatzung der Samtgemeinde Thedinghausen in folgende Abteilungen:<\/p>\n<p>&#8211; Einsatzabteilung<\/p>\n<p>&#8211; Jugendfeuerwehr<\/p>\n<p>&#8211; Altersabteilung<\/p>\n<p>&#8211; F\u00f6rdernde Mitgliedschaft<\/p>\n<p>Die Einsatzabteilung umfasst derzeit 50 (Stand Ende 2022) aktive Mitglieder, die am Einsatz- und \u00dcbungsdienst teilnehmen. Die aktiven Mitglieder absolvieren auch die j\u00e4hrlichen Wettbewerbe nach den Nds. Landesbestimmungen und den Bestimmungen der Samtgemeinde Thedinghausen. Davon sind 21 Mitglieder Atemschutzger\u00e4tetr\u00e4ger. Diese unterliegen besonderen Anforderungen.<\/p>\n<p>Die Jugendfeuerwehr ist die Jugendgruppe innerhalb der Freiwilligen Feuerwehr Emtinghausen und damit f\u00fcr die Nachwuchsf\u00f6rderung von besonderer Bedeutung. Neben der feuerwehrtechnischen Vorbereitung kommt auch Spiel und Spa\u00df nicht kurz.<\/p>\n<p>Die Altersabteilung besteht aus ehemaligen aktiven Mitgliedern, die aus Alters- oder gesundheitlichen Gr\u00fcnden nicht mehr am aktiven Dienst teilnehmen k\u00f6nnen. Hier sind derzeit 14 Kameraden vertreten.<\/p>\n<p>Die derzeit 19 f\u00f6rdernden Mitglieder unterst\u00fctzen die Arbeit der Freiwilligen Feuerwehr durch ihren finanziellen Beitrag oder durch sonstige Unterst\u00fctzungsleistungen.<\/p>\n","protected":false},"excerpt":{"rendered":"<p>Vielen Dank das Sie unsere Internetseite besuchen. Die Freiwillige Feuerwehr Emtinghausen ist nach der Feuerwehrverordnung in Niedersachsen eine Ortsfeuerwehr mit Grundausstattung. Diese gliedert sich nach<\/p>\n","protected":false},"author":1,"featured_media":0,"parent":0,"menu_order":0,"comment_status":"closed","ping_status":"closed","template":"","meta":{"_price":"","_stock":"","_tribe_ticket_header":"","_tribe_default_ticket_provider":"","_tribe_ticket_capacity":"0","_ticket_start_date":"","_ticket_end_date":"","_tribe_ticket_show_description":"","_tribe_ticket_show_not_going":false,"_tribe_ticket_use_global_stock":"","_tribe_ticket_global_stock_level":"","_global_stock_mode":"","_global_stock_cap":"","_tribe_rsvp_for_event":"","_tribe_ticket_going_count":"","_tribe_ticket_not_going_count":"","_tribe_tickets_list":"[]","_tribe_ticket_has_attendee_info_fields":false,"footnotes":"","_tec_slr_enabled":"","_tec_slr_layout":""},"class_list":["post-1076","page","type-page","status-publish","hentry"],"ticketed":false,"_links":{"self":[{"href":"https:\/\/www.feuerwehr-emtinghausen.de\/index.php\/wp-json\/wp\/v2\/pages\/1076","targetHints":{"allow":["GET"]}}],"collection":[{"href":"https:\/\/www.feuerwehr-emtinghausen.de\/index.php\/wp-json\/wp\/v2\/pages"}],"about":[{"href":"https:\/\/www.feuerwehr-emtinghausen.de\/index.php\/wp-json\/wp\/v2\/types\/page"}],"author":[{"embeddable":true,"href":"https:\/\/www.feuerwehr-emtinghausen.de\/index.php\/wp-json\/wp\/v2\/users\/1"}],"replies":[{"embeddable":true,"href":"https:\/\/www.feuerwehr-emtinghausen.de\/index.php\/wp-json\/wp\/v2\/comments?post=1076"}],"version-history":[{"count":3,"href":"https:\/\/www.feuerwehr-emtinghausen.de\/index.php\/wp-json\/wp\/v2\/pages\/1076\/revisions"}],"predecessor-version":[{"id":6077,"href":"https:\/\/www.feuerwehr-emtinghausen.de\/index.php\/wp-json\/wp\/v2\/pages\/1076\/revisions\/6077"}],"wp:attachment":[{"href":"https:\/\/www.feuerwehr-emtinghausen.de\/index.php\/wp-json\/wp\/v2\/media?parent=1076"}],"curies":[{"name":"wp","href":"https:\/\/api.w.org\/{rel}","templated":true}]}}