{"id":1080,"date":"2018-12-05T17:35:06","date_gmt":"2018-12-05T16:35:06","guid":{"rendered":"https:\/\/www.feuerwehr-emtinghausen.de\/?page_id=1080"},"modified":"2019-01-20T14:14:16","modified_gmt":"2019-01-20T13:14:16","slug":"emtinghausen","status":"publish","type":"page","link":"https:\/\/www.feuerwehr-emtinghausen.de\/index.php\/emtinghausen\/","title":{"rendered":"Emtinghausen"},"content":{"rendered":"\n<p>Die Emtingh\u00e4user Vereine sind zusammengeschlossen in der Arbeitsgemeinschaft der Emtingh\u00e4user Vereine (AGEV). Unter aktuelle Veranstaltungen finden Sie auch Terminank\u00fcndigungen der anderen Vereine, allerdings ohne Anspruch auf Vollst\u00e4ndigkeit. Weitere Informationen finden Sie auch unter folgenden Links:<\/p>\n\n\n\n<p><a href=\"https:\/\/www.dorfverein-emtinghausen-bahlum.de\/\" target=\"_blank\" rel=\"noreferrer noopener\" aria-label=\"Dorfverein Emtinghausen - Bahlum (opens in a new tab)\">Dorfverein Emtinghausen &#8211; Bahlum<\/a><\/p>\n\n\n\n<p><a href=\"http:\/\/www.tsv-emtinghausen.de\/\" target=\"_blank\" rel=\"noreferrer noopener\" aria-label=\"TSV Emtinghausen (opens in a new tab)\">TSV Emtinghausen<\/a><\/p>\n\n\n\n<p><a href=\"https:\/\/www.emhuserplattsnackers.de\/\" target=\"_blank\" rel=\"noreferrer noopener\" aria-label=\"Emhuser Plattsnackers (opens in a new tab)\">Emhuser Plattsnackers<\/a><\/p>\n\n\n\n<p><a href=\"http:\/\/schuetzenverein-bahlum.de\/\" target=\"_blank\" rel=\"noreferrer noopener\" aria-label=\"Sch\u00fctzenverein Bahlum\n (opens in a new tab)\">Sch\u00fctzenverein Bahlum<\/a><br><\/p>\n\n\n<h3>Info\u00b4s<\/h3>\n<p><a href=\"https:\/\/www.feuerwehr-emtinghausen.de\/wp-content\/uploads\/2019\/01\/Broschuere_Emtinghausen_Webversion-6.pdf\">Brosch\u00fcre Emtinghausen<\/a><\/p>\n<h3>Geschichtliches<\/h3>\n<p>Die erste Besiedlung im Gemeindebereich erfolgte etwa um 600 &#8211; 1000 n. Chr.<\/p>\n<p>Die b\u00e4uerlichen Anwesen wurden entlang des heutigen Eyterdeiches errichtet, wo sie vor Hochwasser verh\u00e4ltnism\u00e4\u00dfig sicher waren.<\/p>\n<p>Ab 1100 kam es zu einem Siedlungsvorsto\u00df in dem h\u00f6hergelegenen Teil des Gemeindegebietes. Im Gegensatz zu der bisherigen Siedlungsform entstand aus den vorhandenen, nat\u00fcrlichen Gegebenheiten durch Rodung eine lockere Einzelhofstreusiedlung. So sind Emtinghausen und Bahlum als echte &#8222;Einzelhof-Kampfsiedlungen&#8220; zu bezeichnen, wobei in Emtinghausen noch eine gewisse Reihung entlang des Eyterdeiches erkennbar ist, Bahlum dagegen eine v\u00f6llige regellose Struktur aufweist.<\/p>\n<p>Emtinghausen ist wahrscheinlich als sp\u00e4tmittelalterliche Nachsiedlung vom Erzbischof von Bremen angesetzt worden, wobei der erste Vollhof 1260 urkundlich erw\u00e4hnt wurde. Neben den Altbauern waren auch steuerzahlende Pflugk\u00f6tner siedlungsberechtigt.<\/p>\n<p>Nach dem Drei\u00dfigj\u00e4hrigen Krieg wurden auch Brinksitzerstellen zugelassen.<\/p>\n<p>1772 &#8211; 1800 wurde zwischen Emtinghausen und Bahlum eine Siedlung mit 25 Anbaustellen errichtet. Dies war die Gemeinde Neudorf, die 1850 aufgel\u00f6st und auf Emtinghausen und Bahlum aufgeteilt wurde.<\/p>\n<p>Im 18.\/19. Jahrhundert fand im Gemeindebereich eine Verkoppelung statt. Die Melioration des Eyterbruches verhalf zu fruchtbarem Weide- und Ackerland.<\/p>\n<p>Mit Beginn des 20. Jahrhunderts verst\u00e4rkte sich die bauliche Entwicklung im heutigen Ortsbereich an der Kreuzung der Landesstra\u00dfen. Durch die r\u00e4umliche N\u00e4he zu Bremen und eine wachsende Mobilit\u00e4t begann eine Entwicklung der Ortslage, die sich nach 1945 besonders durch die steigende Zahl von Wohngeb\u00e4uden bemerkbar machte.<\/p>\n<p>Emtinghausen und Bahlum wurden durch den Friedensvertrag von Celle 1679\/81 zusammen mit den \u00fcbrigen Ortschaften des Amtes Thedinghausen braunschweigisch.<\/p>\n<p>Durch die geschichtliche Vergangenheit und die geographische Lage war die Gemeinde Emtinghausen in den Nachbarraum des fr\u00fcheren Kreises Grafschaft Hoya orientiert. 1972 wurden im Rahmen der Gemeindereform Emtinghausen und Bahlum zu einer Gemeinde Emtinghausen zusammengeschlossen.<\/p>\n<p>Quelle: <a href=\"http:\/\/www.thedinghausen.de\">Samtgemeinde Thedinghausen<\/a><\/p>\n\n\n<figure class=\"wp-block-image\"><img decoding=\"async\" width=\"150\" height=\"173\" src=\"https:\/\/www.feuerwehr-emtinghausen.de\/wp-content\/uploads\/2018\/12\/Wappen-Emtinghausen.jpg\" alt=\"\" class=\"wp-image-1306\"\/><figcaption>Wappen Gemeinde Emtinghausen<\/figcaption><\/figure>\n","protected":false},"excerpt":{"rendered":"<p>Die Emtingh\u00e4user Vereine sind zusammengeschlossen in der Arbeitsgemeinschaft der Emtingh\u00e4user Vereine (AGEV). Unter aktuelle Veranstaltungen finden Sie auch Terminank\u00fcndigungen der anderen Vereine, allerdings ohne Anspruch<\/p>\n","protected":false},"author":1,"featured_media":0,"parent":0,"menu_order":0,"comment_status":"closed","ping_status":"closed","template":"","meta":{"_price":"","_stock":"","_tribe_ticket_header":"","_tribe_default_ticket_provider":"","_tribe_ticket_capacity":"0","_ticket_start_date":"","_ticket_end_date":"","_tribe_ticket_show_description":"","_tribe_ticket_show_not_going":false,"_tribe_ticket_use_global_stock":"","_tribe_ticket_global_stock_level":"","_global_stock_mode":"","_global_stock_cap":"","_tribe_rsvp_for_event":"","_tribe_ticket_going_count":"","_tribe_ticket_not_going_count":"","_tribe_tickets_list":"[]","_tribe_ticket_has_attendee_info_fields":false,"footnotes":"","_tec_slr_enabled":"","_tec_slr_layout":""},"class_list":["post-1080","page","type-page","status-publish","hentry"],"ticketed":false,"_links":{"self":[{"href":"https:\/\/www.feuerwehr-emtinghausen.de\/index.php\/wp-json\/wp\/v2\/pages\/1080","targetHints":{"allow":["GET"]}}],"collection":[{"href":"https:\/\/www.feuerwehr-emtinghausen.de\/index.php\/wp-json\/wp\/v2\/pages"}],"about":[{"href":"https:\/\/www.feuerwehr-emtinghausen.de\/index.php\/wp-json\/wp\/v2\/types\/page"}],"author":[{"embeddable":true,"href":"https:\/\/www.feuerwehr-emtinghausen.de\/index.php\/wp-json\/wp\/v2\/users\/1"}],"replies":[{"embeddable":true,"href":"https:\/\/www.feuerwehr-emtinghausen.de\/index.php\/wp-json\/wp\/v2\/comments?post=1080"}],"version-history":[{"count":24,"href":"https:\/\/www.feuerwehr-emtinghausen.de\/index.php\/wp-json\/wp\/v2\/pages\/1080\/revisions"}],"predecessor-version":[{"id":2092,"href":"https:\/\/www.feuerwehr-emtinghausen.de\/index.php\/wp-json\/wp\/v2\/pages\/1080\/revisions\/2092"}],"wp:attachment":[{"href":"https:\/\/www.feuerwehr-emtinghausen.de\/index.php\/wp-json\/wp\/v2\/media?parent=1080"}],"curies":[{"name":"wp","href":"https:\/\/api.w.org\/{rel}","templated":true}]}}