{"id":1083,"date":"2018-12-05T17:36:08","date_gmt":"2018-12-05T16:36:08","guid":{"rendered":"https:\/\/www.feuerwehr-emtinghausen.de\/?page_id=1083"},"modified":"2024-08-21T07:49:01","modified_gmt":"2024-08-21T05:49:01","slug":"kommando","status":"publish","type":"page","link":"https:\/\/www.feuerwehr-emtinghausen.de\/index.php\/wir-ueber-uns\/kommando\/","title":{"rendered":"Kommando"},"content":{"rendered":"\n<p>Das Kommando leitet die Geschicke der Ortsfeuerwehr. Geleitet wird das Kommando vom Ortsbrandmeister. Daneben sind der stellvertrende Ortsbrandmeister, die Gruppenf\u00fchrer, der Jugendfeuerwehrwart, der Kassenwart, der Schriftf\u00fchrer sowie die Funktionstr\u00e4ger f\u00fcr Funk, Atemschutz, Sicherheit und Altersabteilung Mitglieder des Kommandos.<\/p>\n\n\n\n<p>In gewisser Weise kann ein Vergleich zu einem Vereinsvorstand gezogen werden. <\/p>\n\n\n\n<p>Auf den nachfolgenden Seiten erhalten Sie Informationen zu den jeweiligen Funktionstr\u00e4gern.<\/p>\n\n\n\n<figure class=\"wp-block-gallery has-nested-images columns-default is-cropped wp-block-gallery-1 is-layout-flex wp-block-gallery-is-layout-flex\">\n<figure class=\"wp-block-image size-large\"><img fetchpriority=\"high\" decoding=\"async\" width=\"1024\" height=\"515\" data-id=\"7106\" src=\"https:\/\/www.feuerwehr-emtinghausen.de\/wp-content\/uploads\/2024\/04\/Die-Neugewaehlten-WES_8213-4-1024x515.jpg\" alt=\"\" class=\"wp-image-7106\" srcset=\"https:\/\/www.feuerwehr-emtinghausen.de\/wp-content\/uploads\/2024\/04\/Die-Neugewaehlten-WES_8213-4-1024x515.jpg 1024w, https:\/\/www.feuerwehr-emtinghausen.de\/wp-content\/uploads\/2024\/04\/Die-Neugewaehlten-WES_8213-4-300x151.jpg 300w, https:\/\/www.feuerwehr-emtinghausen.de\/wp-content\/uploads\/2024\/04\/Die-Neugewaehlten-WES_8213-4-768x386.jpg 768w, https:\/\/www.feuerwehr-emtinghausen.de\/wp-content\/uploads\/2024\/04\/Die-Neugewaehlten-WES_8213-4-1536x773.jpg 1536w, https:\/\/www.feuerwehr-emtinghausen.de\/wp-content\/uploads\/2024\/04\/Die-Neugewaehlten-WES_8213-4-2048x1030.jpg 2048w\" sizes=\"(max-width: 1024px) 100vw, 1024px\" \/><\/figure>\n<\/figure>\n\n\n\n<p>Das Kommando von links: <\/p>\n\n\n\n<p>Roland Weisenstein, Bernd Stadtlander, Till St\u00f6ver, Thore Jan\u00dfen, Olaf Kuhlmann, Matthis Just, Daniel Voigt, Malte M\u00fcller, Christian M\u00fcller, Silke Sudmann, Nils Heidorn, Bernd Bittner, Siegfried Valentin, Marc Gr\u00fcnewald, Michael M\u00fcller, Florian Langner, Tim Apmann, Wilco Asendorf, Jens Diers und Steffen Wendt. <\/p>\n\n\n\n<p>Es fehlt: Danny Schlitte<\/p>\n","protected":false},"excerpt":{"rendered":"<p>Das Kommando leitet die Geschicke der Ortsfeuerwehr. Geleitet wird das Kommando vom Ortsbrandmeister. Daneben sind der stellvertrende Ortsbrandmeister, die Gruppenf\u00fchrer, der Jugendfeuerwehrwart, der Kassenwart, der<\/p>\n","protected":false},"author":1,"featured_media":0,"parent":1076,"menu_order":1,"comment_status":"closed","ping_status":"closed","template":"","meta":{"_price":"","_stock":"","_tribe_ticket_header":"","_tribe_default_ticket_provider":"","_tribe_ticket_capacity":"0","_ticket_start_date":"","_ticket_end_date":"","_tribe_ticket_show_description":"","_tribe_ticket_show_not_going":false,"_tribe_ticket_use_global_stock":"","_tribe_ticket_global_stock_level":"","_global_stock_mode":"","_global_stock_cap":"","_tribe_rsvp_for_event":"","_tribe_ticket_going_count":"","_tribe_ticket_not_going_count":"","_tribe_tickets_list":"[]","_tribe_ticket_has_attendee_info_fields":false,"footnotes":"","_tec_slr_enabled":"","_tec_slr_layout":""},"class_list":["post-1083","page","type-page","status-publish","hentry"],"ticketed":false,"_links":{"self":[{"href":"https:\/\/www.feuerwehr-emtinghausen.de\/index.php\/wp-json\/wp\/v2\/pages\/1083","targetHints":{"allow":["GET"]}}],"collection":[{"href":"https:\/\/www.feuerwehr-emtinghausen.de\/index.php\/wp-json\/wp\/v2\/pages"}],"about":[{"href":"https:\/\/www.feuerwehr-emtinghausen.de\/index.php\/wp-json\/wp\/v2\/types\/page"}],"author":[{"embeddable":true,"href":"https:\/\/www.feuerwehr-emtinghausen.de\/index.php\/wp-json\/wp\/v2\/users\/1"}],"replies":[{"embeddable":true,"href":"https:\/\/www.feuerwehr-emtinghausen.de\/index.php\/wp-json\/wp\/v2\/comments?post=1083"}],"version-history":[{"count":7,"href":"https:\/\/www.feuerwehr-emtinghausen.de\/index.php\/wp-json\/wp\/v2\/pages\/1083\/revisions"}],"predecessor-version":[{"id":7559,"href":"https:\/\/www.feuerwehr-emtinghausen.de\/index.php\/wp-json\/wp\/v2\/pages\/1083\/revisions\/7559"}],"up":[{"embeddable":true,"href":"https:\/\/www.feuerwehr-emtinghausen.de\/index.php\/wp-json\/wp\/v2\/pages\/1076"}],"wp:attachment":[{"href":"https:\/\/www.feuerwehr-emtinghausen.de\/index.php\/wp-json\/wp\/v2\/media?parent=1083"}],"curies":[{"name":"wp","href":"https:\/\/api.w.org\/{rel}","templated":true}]}}