{"id":1273,"date":"2018-12-12T15:08:07","date_gmt":"2018-12-12T14:08:07","guid":{"rendered":"https:\/\/www.feuerwehr-emtinghausen.de\/?page_id=1273"},"modified":"2024-04-15T23:58:11","modified_gmt":"2024-04-15T21:58:11","slug":"altersabteilung","status":"publish","type":"page","link":"https:\/\/www.feuerwehr-emtinghausen.de\/index.php\/wir-ueber-uns\/organisation\/altersabteilung\/","title":{"rendered":"Altersabteilung"},"content":{"rendered":"\n<p>Die Altersabteilung besteht aus den nicht mehr aktiven Feuerwehrangeh\u00f6rigen. Mitglieder sind Feuerwehrkameraden die aus alters- oder gesundheitlichen Gr\u00fcnden nicht mehr am aktiven Dienst teilnehmen k\u00f6nnen.&nbsp; Diese unterst\u00fctzen aber die &#8222;Aktiven&#8220; noch auf vielf\u00e4ltige Weise und nehmen aktiv am kameradschaftlichen Leben teil. Die Altersabteilung trifft sich Donnerstags ab 20:00 Uhr im Feuerwehrhaus. Derzeit befinden sich 13 Kameraden in der Altersabteilung.<br><\/p>\n\n\n\n<p>Geleitet wird diese Abteilung von Sigi Valentin.<br><\/p>\n","protected":false},"excerpt":{"rendered":"<p>Die Altersabteilung besteht aus den nicht mehr aktiven Feuerwehrangeh\u00f6rigen. Mitglieder sind Feuerwehrkameraden die aus alters- oder gesundheitlichen Gr\u00fcnden nicht mehr am aktiven Dienst teilnehmen k\u00f6nnen.&nbsp;<\/p>\n","protected":false},"author":1,"featured_media":0,"parent":1248,"menu_order":3,"comment_status":"closed","ping_status":"closed","template":"","meta":{"_price":"","_stock":"","_tribe_ticket_header":"","_tribe_default_ticket_provider":"","_tribe_ticket_capacity":"0","_ticket_start_date":"","_ticket_end_date":"","_tribe_ticket_show_description":"","_tribe_ticket_show_not_going":false,"_tribe_ticket_use_global_stock":"","_tribe_ticket_global_stock_level":"","_global_stock_mode":"","_global_stock_cap":"","_tribe_rsvp_for_event":"","_tribe_ticket_going_count":"","_tribe_ticket_not_going_count":"","_tribe_tickets_list":"[]","_tribe_ticket_has_attendee_info_fields":false,"footnotes":"","_tec_slr_enabled":"","_tec_slr_layout":""},"class_list":["post-1273","page","type-page","status-publish","hentry"],"ticketed":false,"_links":{"self":[{"href":"https:\/\/www.feuerwehr-emtinghausen.de\/index.php\/wp-json\/wp\/v2\/pages\/1273","targetHints":{"allow":["GET"]}}],"collection":[{"href":"https:\/\/www.feuerwehr-emtinghausen.de\/index.php\/wp-json\/wp\/v2\/pages"}],"about":[{"href":"https:\/\/www.feuerwehr-emtinghausen.de\/index.php\/wp-json\/wp\/v2\/types\/page"}],"author":[{"embeddable":true,"href":"https:\/\/www.feuerwehr-emtinghausen.de\/index.php\/wp-json\/wp\/v2\/users\/1"}],"replies":[{"embeddable":true,"href":"https:\/\/www.feuerwehr-emtinghausen.de\/index.php\/wp-json\/wp\/v2\/comments?post=1273"}],"version-history":[{"count":4,"href":"https:\/\/www.feuerwehr-emtinghausen.de\/index.php\/wp-json\/wp\/v2\/pages\/1273\/revisions"}],"predecessor-version":[{"id":7046,"href":"https:\/\/www.feuerwehr-emtinghausen.de\/index.php\/wp-json\/wp\/v2\/pages\/1273\/revisions\/7046"}],"up":[{"embeddable":true,"href":"https:\/\/www.feuerwehr-emtinghausen.de\/index.php\/wp-json\/wp\/v2\/pages\/1248"}],"wp:attachment":[{"href":"https:\/\/www.feuerwehr-emtinghausen.de\/index.php\/wp-json\/wp\/v2\/media?parent=1273"}],"curies":[{"name":"wp","href":"https:\/\/api.w.org\/{rel}","templated":true}]}}