{"id":1892,"date":"2018-12-28T11:44:47","date_gmt":"2018-12-28T10:44:47","guid":{"rendered":"https:\/\/www.feuerwehr-emtinghausen.de\/?page_id=1892"},"modified":"2025-12-27T17:03:42","modified_gmt":"2025-12-27T16:03:42","slug":"ortsbrandmeister","status":"publish","type":"page","link":"https:\/\/www.feuerwehr-emtinghausen.de\/index.php\/wir-ueber-uns\/kommando\/ortsbrandmeister\/","title":{"rendered":"Ortsbrandmeister &#038; Stellvertreter"},"content":{"rendered":"<h2 style=\"text-align: center;\">Ortsbrandmeister<\/h2>\n<p>Daniel Voigt<br \/>\nBuchenweg 5<br \/>\n27321 Emtinghausen<br \/>\nTel. +49 4295 669944<br \/>\nMobil +49 171 4936188<\/p>\n<p><strong>Dienstgrad:<\/strong> Oberl\u00f6schmeister<\/p>\n<p><strong>in dieser Funktion seit:<\/strong> 2021<\/p>\n<p><strong>Beruf:<\/strong> Kommunikation Techniker<\/p>\n<p><strong>Absolvierte Feuerwehrausbildung: <\/strong>Grundlehrgang, Funk, Atemschutzger\u00e4tetr\u00e4ger, ABC-1, Truppf\u00fchrer, Gruppenf\u00fchrer, Zugf\u00fchrer<\/p>\n<h2 style=\"text-align: center;\">Stellvertretender Ortsbrandmeister<\/h2>\n<p>Christian M\u00fcller<br \/>\nTel. +49 4295 695206<br \/>\nMobil +49 172 5473941<\/p>\n<p><strong>Dienstgrad: <\/strong>L\u00f6schmeister<\/p>\n<p><strong>In dieser Funktion seit:<\/strong> 2024<\/p>\n<p><strong>Beruf:\u00a0<\/strong>Einkaufsleiter<\/p>\n<p><strong>Absolvierte Feuerwehrausbildung: <\/strong>Grundlehrgang, Funk, Maschinist, Truppf\u00fchrer, Gruppenf\u00fchrer, Zugf\u00fchrer<\/p>\n","protected":false},"excerpt":{"rendered":"<p>Ortsbrandmeister Daniel Voigt Buchenweg 5 27321 Emtinghausen Tel. +49 4295 669944 Mobil +49 171 4936188 Dienstgrad: Oberl\u00f6schmeister in dieser Funktion seit: 2021 Beruf: Kommunikation Techniker<\/p>\n","protected":false},"author":1,"featured_media":0,"parent":1083,"menu_order":1,"comment_status":"closed","ping_status":"closed","template":"","meta":{"_price":"","_stock":"","_tribe_ticket_header":"","_tribe_default_ticket_provider":"","_tribe_ticket_capacity":"0","_ticket_start_date":"","_ticket_end_date":"","_tribe_ticket_show_description":"","_tribe_ticket_show_not_going":false,"_tribe_ticket_use_global_stock":"","_tribe_ticket_global_stock_level":"","_global_stock_mode":"","_global_stock_cap":"","_tribe_rsvp_for_event":"","_tribe_ticket_going_count":"","_tribe_ticket_not_going_count":"","_tribe_tickets_list":"[]","_tribe_ticket_has_attendee_info_fields":false,"footnotes":"","_tec_slr_enabled":"","_tec_slr_layout":""},"class_list":["post-1892","page","type-page","status-publish","hentry"],"ticketed":false,"_links":{"self":[{"href":"https:\/\/www.feuerwehr-emtinghausen.de\/index.php\/wp-json\/wp\/v2\/pages\/1892","targetHints":{"allow":["GET"]}}],"collection":[{"href":"https:\/\/www.feuerwehr-emtinghausen.de\/index.php\/wp-json\/wp\/v2\/pages"}],"about":[{"href":"https:\/\/www.feuerwehr-emtinghausen.de\/index.php\/wp-json\/wp\/v2\/types\/page"}],"author":[{"embeddable":true,"href":"https:\/\/www.feuerwehr-emtinghausen.de\/index.php\/wp-json\/wp\/v2\/users\/1"}],"replies":[{"embeddable":true,"href":"https:\/\/www.feuerwehr-emtinghausen.de\/index.php\/wp-json\/wp\/v2\/comments?post=1892"}],"version-history":[{"count":25,"href":"https:\/\/www.feuerwehr-emtinghausen.de\/index.php\/wp-json\/wp\/v2\/pages\/1892\/revisions"}],"predecessor-version":[{"id":7960,"href":"https:\/\/www.feuerwehr-emtinghausen.de\/index.php\/wp-json\/wp\/v2\/pages\/1892\/revisions\/7960"}],"up":[{"embeddable":true,"href":"https:\/\/www.feuerwehr-emtinghausen.de\/index.php\/wp-json\/wp\/v2\/pages\/1083"}],"wp:attachment":[{"href":"https:\/\/www.feuerwehr-emtinghausen.de\/index.php\/wp-json\/wp\/v2\/media?parent=1892"}],"curies":[{"name":"wp","href":"https:\/\/api.w.org\/{rel}","templated":true}]}}