{"id":1901,"date":"2018-12-28T11:59:36","date_gmt":"2018-12-28T10:59:36","guid":{"rendered":"https:\/\/www.feuerwehr-emtinghausen.de\/?page_id=1901"},"modified":"2023-11-03T10:19:56","modified_gmt":"2023-11-03T09:19:56","slug":"stellvertrender-ortsbrandmeister","status":"publish","type":"page","link":"https:\/\/www.feuerwehr-emtinghausen.de\/index.php\/wir-ueber-uns\/kommando\/stellvertrender-ortsbrandmeister\/","title":{"rendered":"Gruppenf\u00fchrer"},"content":{"rendered":"\n<h2 class=\"wp-block-heading\">Gruppenf\u00fchrer<\/h2>\n\n\n<div class=\"wp-block-image\">\n<figure class=\"alignright is-resized\"><img fetchpriority=\"high\" decoding=\"async\" width=\"372\" height=\"446\" src=\"https:\/\/www.feuerwehr-emtinghausen.de\/wp-content\/uploads\/2019\/07\/IMG_2637_I.jpg\" alt=\"\" class=\"wp-image-2924\" style=\"width:227px;height:272px\" srcset=\"https:\/\/www.feuerwehr-emtinghausen.de\/wp-content\/uploads\/2019\/07\/IMG_2637_I.jpg 372w, https:\/\/www.feuerwehr-emtinghausen.de\/wp-content\/uploads\/2019\/07\/IMG_2637_I-250x300.jpg 250w\" sizes=\"(max-width: 372px) 100vw, 372px\" \/><\/figure>\n<\/div>\n\n\n<p>Nils Heidorn, Gartenweg 7, 27321 Emtinghausen<\/p>\n\n\n\n<p><strong>Dienstgrad: <\/strong>L\u00f6schmeiser<\/p>\n\n\n\n<p><strong>In dieser Funktion seit:<\/strong> 2018<\/p>\n\n\n\n<p><strong>Beruf: <\/strong>Dachdecker<\/p>\n\n\n\n<p><strong>Absolvierte Feuerwehrausbildung: <\/strong>Grundausbildung, Funk, Maschinisten, Atemschutz, Truppf\u00fchrer, Gruppenf\u00fchrer<\/p>\n\n\n\n<p><\/p>\n\n\n\n<h2 class=\"wp-block-heading\">Stellv. Gruppenf\u00fchrer<\/h2>\n\n\n\n<p>Danny Schlitte 27321 Emtinghausen<\/p>\n\n\n\n<p><strong>Dienstgrad: <\/strong>L\u00f6schmeister<\/p>\n\n\n\n<p><strong>In dieser Funktion seit:<\/strong> 2022<\/p>\n\n\n\n<p><strong>Beruf: <\/strong>Berufsfeuerwehrmann <\/p>\n\n\n\n<p><strong>Absolvierte Feuerwehrausbildung: <\/strong>TM 1 + 2, Funk, Maschinisten, Atemschutz, Truppf\u00fchrer BF, Gruppenf\u00fchrer BF, Rettungssanit\u00e4ter, Notfallsanit\u00e4ter, ABC 1 + 2<\/p>\n","protected":false},"excerpt":{"rendered":"<p>Gruppenf\u00fchrer Nils Heidorn, Gartenweg 7, 27321 Emtinghausen Dienstgrad: L\u00f6schmeiser In dieser Funktion seit: 2018 Beruf: Dachdecker Absolvierte Feuerwehrausbildung: Grundausbildung, Funk, Maschinisten, Atemschutz, Truppf\u00fchrer, Gruppenf\u00fchrer Stellv.<\/p>\n","protected":false},"author":1,"featured_media":0,"parent":1083,"menu_order":2,"comment_status":"closed","ping_status":"closed","template":"","meta":{"_price":"","_stock":"","_tribe_ticket_header":"","_tribe_default_ticket_provider":"","_tribe_ticket_capacity":"0","_ticket_start_date":"","_ticket_end_date":"","_tribe_ticket_show_description":"","_tribe_ticket_show_not_going":false,"_tribe_ticket_use_global_stock":"","_tribe_ticket_global_stock_level":"","_global_stock_mode":"","_global_stock_cap":"","_tribe_rsvp_for_event":"","_tribe_ticket_going_count":"","_tribe_ticket_not_going_count":"","_tribe_tickets_list":"[]","_tribe_ticket_has_attendee_info_fields":false,"footnotes":"","_tec_slr_enabled":"","_tec_slr_layout":""},"class_list":["post-1901","page","type-page","status-publish","hentry"],"ticketed":false,"_links":{"self":[{"href":"https:\/\/www.feuerwehr-emtinghausen.de\/index.php\/wp-json\/wp\/v2\/pages\/1901","targetHints":{"allow":["GET"]}}],"collection":[{"href":"https:\/\/www.feuerwehr-emtinghausen.de\/index.php\/wp-json\/wp\/v2\/pages"}],"about":[{"href":"https:\/\/www.feuerwehr-emtinghausen.de\/index.php\/wp-json\/wp\/v2\/types\/page"}],"author":[{"embeddable":true,"href":"https:\/\/www.feuerwehr-emtinghausen.de\/index.php\/wp-json\/wp\/v2\/users\/1"}],"replies":[{"embeddable":true,"href":"https:\/\/www.feuerwehr-emtinghausen.de\/index.php\/wp-json\/wp\/v2\/comments?post=1901"}],"version-history":[{"count":9,"href":"https:\/\/www.feuerwehr-emtinghausen.de\/index.php\/wp-json\/wp\/v2\/pages\/1901\/revisions"}],"predecessor-version":[{"id":6399,"href":"https:\/\/www.feuerwehr-emtinghausen.de\/index.php\/wp-json\/wp\/v2\/pages\/1901\/revisions\/6399"}],"up":[{"embeddable":true,"href":"https:\/\/www.feuerwehr-emtinghausen.de\/index.php\/wp-json\/wp\/v2\/pages\/1083"}],"wp:attachment":[{"href":"https:\/\/www.feuerwehr-emtinghausen.de\/index.php\/wp-json\/wp\/v2\/media?parent=1901"}],"curies":[{"name":"wp","href":"https:\/\/api.w.org\/{rel}","templated":true}]}}