{"id":2206,"date":"2019-02-10T14:17:15","date_gmt":"2019-02-10T13:17:15","guid":{"rendered":"https:\/\/www.feuerwehr-emtinghausen.de\/?page_id=2206"},"modified":"2020-09-16T18:20:10","modified_gmt":"2020-09-16T16:20:10","slug":"neubau-feuerwehrhaus","status":"publish","type":"page","link":"https:\/\/www.feuerwehr-emtinghausen.de\/index.php\/neubau-feuerwehrhaus\/","title":{"rendered":"Neubau Feuerwehrhaus"},"content":{"rendered":"\n<h2 class=\"wp-block-heading\">Chronik<\/h2>\n\n\n\n<ul class=\"wp-block-list\"><li>20.11.2011 Beschluss Samtgemeinderat \u00fcber Feuerwehrkonzept in der Samtgemeinde Thedinghausen, dass &#8222;alle r\u00e4umlichen Probleme&#8220; der Ortsfeuerwehren gel\u00f6st werden sollen. Wie dieses aussehen soll, bleibt zu diesem Zeitpunkt offen.<\/li><li>30.11.2011 Beschluss Bauausschuss der Samtgemeinde, dass die beantragte Modernisierung Feuerwehrhaus Emtinghausen zur\u00fcckgestellt wird, da es Ideen und Gespr\u00e4che \u00fcber einen gemeinsamen Neubau gibt.<\/li><li>23.03.2013 Beschluss Mitgliederversammlung Ofw. Bahlum \u00fcber gemeinsamen Neubau<\/li><li>02.05.2013 Beschluss Mitgliederversammlung Ofw. Emtinghausen \u00fcber gemeinsamen Neubau<\/li><li>23.05.2013 Feuerschutzausschuss mit Beschlussvorschlag \u00fcber einen gemeinsamen Neubau der Feuerwehren Emtinghausen und Bahlum<\/li><li>26.06.2013 Beschluss Samtgemeinderat \u00fcber den Neubau von Feuerwehrh\u00e4usern in der Samtgemeinde Thedinghausen, darunter: Entscheidung f\u00fcr gemeinsamen Neubau der Ortsfeuerwehren Emtinghausen und Bahlum<\/li><li>Anfang 2014 Kauf Grundst\u00fcck Waldweg \/ Ecke Syker Stra\u00dfe durch die Samtgemeinde<\/li><li>06.05.2014 Beschluss SG-Ausschuss zur erforderlichen \u00c4nderung des Fl\u00e4chennutzungsplans Nr. 14<\/li><li>01.07.2014 Beschluss des Gemeinderates zur Aufstellung des Bebauungsplans Nr. 10 &#8222;Feuerwehrhaus Emtinghausen \/ Bahlum&#8220;<\/li><li>14.06.2016 erste Baubesprechung zwischen Verwaltung und Feuerwehr; Vorstellung einer ersten Entwurfsplanung<\/li><li>20.09.2016 Gemeinderat stimmt Fl\u00e4chennutzungsplan\u00e4nderung zu und fasst den Entwurfs- und Auslegungsbeschluss des Bebauungsplans Nr. 10 &#8222;Feuerwehrhaus Emtinghausen \/ Bahlum&#8220;<\/li><li>29.11.2016 &#8211; 30.12.2016 Auslegung Bebauungsplan<\/li><li>14.02.2017 Satzungsbeschluss des Rates Emtinghausen \u00fcber den Bebauungsplan<\/li><li>02.08.2017 Genehmigung des Landkreises Verden zur Fl\u00e4chennutzungsplan\u00e4nderung<\/li><li>26.10.2017 Beitrittsbeschluss SG-Rat zur 14. Fl\u00e4chennutzungsplan\u00e4nderung<\/li><li>25.06.2018 Zustimmung des SG-Ausschusses \u00fcber den Bauplan mit drei Fahrzeugstellpl\u00e4tzen; damit auch Beschlussfassung zur Umordnung des Ger\u00e4tewagens Gefahrgut (GW-G) von Thedinghausen nach Emtinghausen und &#8222;offizielle&#8220; Auftragserteilung an den Architekten<\/li><li>12.07.2018 Bauantragstellung beim LK Verden<\/li><li>26.11.2018 Ausnahmegenehmigung vom Landkreis Verden zur Umordnung des GW-G<\/li><li>05.02.2019 Erteilung der Baugenehmigung durch den Landkreis Verden<\/li><li>11.02.2019 Entfernung Zaun und B\u00e4ume; Vorbereitung f\u00fcr die Erdarbeiten<\/li><li>15.03.2019 Beginn der Erdarbeiten<\/li><li>29.05.2019 Fertigstellung Sohlplatte<\/li><li>12.06.2019 Grundsteinlegung<\/li><li>23.07.2019 Beginn Arbeiten Dachstuhl<\/li><li>18.09.2019 Abschlu\u00df Dacheindeckung und Klinker<\/li><li>05.10.2019 Beginn Eigenleistungen Dampfsperre und D\u00e4mmung, Ausbau Dachboden<\/li><li>15.10.2019 Beginn Aufbau Stahlhalle<\/li><li>19.10.2019 Beginn Elektroarbeiten; Leitungen schlitzen<\/li><li>27.10.2019 Beginn Stahlbau &#8211; Fenstereinbau<\/li><li>24.01.2020 Putzarbeiten<\/li><li>10.02.2020 Verlegung Estrich<\/li><li>07.03.2020 Regenwasserentw\u00e4sserung, Grundierung der W\u00e4nde<\/li><li>20.03.2020 Verlegung der Hausanschl\u00fcsse<\/li><li>09.04.2020 Fliesenarbeiten<\/li><li>11.04.2020 Fertigstellung Regenentw\u00e4sserung<\/li><li>18.04.2020 Heizungsmontage<\/li><li>25.04.2020 Montage Sanit\u00e4r &#8211; Verkabelung Fahrzeughalle<\/li><li>02.05.2020 Malerarbeiten<\/li><li>26.05.2020 Pflasterarbeiten<\/li><li>03.06.2020 Lieferung Spinde<\/li><li>12.06.2020 Einbau K\u00fcche<\/li><li>15.06.2020 Einbau Absauganlage<\/li><li>14.07.2020 Ende Pflasterarbeiten<\/li><li>20.07.2020 Endreinigung<\/li><li>25.07.2020 Inbetriebnahme L\u00fcftungsanlage &#8211; M\u00f6belaufbau<\/li><li>05.09.2020 Umzug und Inbetriebnahme<\/li><\/ul>\n","protected":false},"excerpt":{"rendered":"<p>Chronik 20.11.2011 Beschluss Samtgemeinderat \u00fcber Feuerwehrkonzept in der Samtgemeinde Thedinghausen, dass &#8222;alle r\u00e4umlichen Probleme&#8220; der Ortsfeuerwehren gel\u00f6st werden sollen. Wie dieses aussehen soll, bleibt zu<\/p>\n","protected":false},"author":1,"featured_media":0,"parent":0,"menu_order":0,"comment_status":"closed","ping_status":"closed","template":"","meta":{"_price":"","_stock":"","_tribe_ticket_header":"","_tribe_default_ticket_provider":"","_tribe_ticket_capacity":"0","_ticket_start_date":"","_ticket_end_date":"","_tribe_ticket_show_description":"","_tribe_ticket_show_not_going":false,"_tribe_ticket_use_global_stock":"","_tribe_ticket_global_stock_level":"","_global_stock_mode":"","_global_stock_cap":"","_tribe_rsvp_for_event":"","_tribe_ticket_going_count":"","_tribe_ticket_not_going_count":"","_tribe_tickets_list":"[]","_tribe_ticket_has_attendee_info_fields":false,"footnotes":"","_tec_slr_enabled":"","_tec_slr_layout":""},"class_list":["post-2206","page","type-page","status-publish","hentry"],"ticketed":false,"_links":{"self":[{"href":"https:\/\/www.feuerwehr-emtinghausen.de\/index.php\/wp-json\/wp\/v2\/pages\/2206","targetHints":{"allow":["GET"]}}],"collection":[{"href":"https:\/\/www.feuerwehr-emtinghausen.de\/index.php\/wp-json\/wp\/v2\/pages"}],"about":[{"href":"https:\/\/www.feuerwehr-emtinghausen.de\/index.php\/wp-json\/wp\/v2\/types\/page"}],"author":[{"embeddable":true,"href":"https:\/\/www.feuerwehr-emtinghausen.de\/index.php\/wp-json\/wp\/v2\/users\/1"}],"replies":[{"embeddable":true,"href":"https:\/\/www.feuerwehr-emtinghausen.de\/index.php\/wp-json\/wp\/v2\/comments?post=2206"}],"version-history":[{"count":22,"href":"https:\/\/www.feuerwehr-emtinghausen.de\/index.php\/wp-json\/wp\/v2\/pages\/2206\/revisions"}],"predecessor-version":[{"id":4660,"href":"https:\/\/www.feuerwehr-emtinghausen.de\/index.php\/wp-json\/wp\/v2\/pages\/2206\/revisions\/4660"}],"wp:attachment":[{"href":"https:\/\/www.feuerwehr-emtinghausen.de\/index.php\/wp-json\/wp\/v2\/media?parent=2206"}],"curies":[{"name":"wp","href":"https:\/\/api.w.org\/{rel}","templated":true}]}}