{"id":2308,"date":"2019-02-23T09:00:57","date_gmt":"2019-02-23T08:00:57","guid":{"rendered":"https:\/\/www.feuerwehr-emtinghausen.de\/?page_id=2308"},"modified":"2024-08-21T08:06:26","modified_gmt":"2024-08-21T06:06:26","slug":"funktionstraeger","status":"publish","type":"page","link":"https:\/\/www.feuerwehr-emtinghausen.de\/index.php\/wir-ueber-uns\/kommando\/funktionstraeger\/","title":{"rendered":"Funktionstr\u00e4ger der Feuerwehr Emtinghausen &#8211; Bahlum"},"content":{"rendered":"\n<div class=\"wp-block-media-text is-stacked-on-mobile\"><figure class=\"wp-block-media-text__media\"><img fetchpriority=\"high\" decoding=\"async\" width=\"1024\" height=\"576\" src=\"https:\/\/www.feuerwehr-emtinghausen.de\/wp-content\/uploads\/2024\/04\/GF-1024x576.jpg\" alt=\"\" class=\"wp-image-7024 size-full\" srcset=\"https:\/\/www.feuerwehr-emtinghausen.de\/wp-content\/uploads\/2024\/04\/GF-1024x576.jpg 1024w, https:\/\/www.feuerwehr-emtinghausen.de\/wp-content\/uploads\/2024\/04\/GF-300x169.jpg 300w, https:\/\/www.feuerwehr-emtinghausen.de\/wp-content\/uploads\/2024\/04\/GF-768x432.jpg 768w, https:\/\/www.feuerwehr-emtinghausen.de\/wp-content\/uploads\/2024\/04\/GF.jpg 1200w\" sizes=\"(max-width: 1024px) 100vw, 1024px\" \/><\/figure><div class=\"wp-block-media-text__content\">\n<h2 class=\"wp-block-heading has-text-align-center\">Gruppenf\u00fchrer Gruppe 1<\/h2>\n\n\n\n<p>Gruppenf\u00fchrer: Nils Heidorn<\/p>\n\n\n\n<p>Stellv. Gruppenf\u00fchrer: Bernd Stadtlander<\/p>\n\n\n\n<h2 class=\"wp-block-heading\">Gruppenf\u00fchrer Gruppe 2<\/h2>\n\n\n\n<p>Gruppenf\u00fchrer: Jens Diers<\/p>\n\n\n\n<p>Stellv. Gruppenf\u00fchrer: Steffen Wendt<\/p>\n\n\n\n<h2 class=\"wp-block-heading has-text-align-center\">Gruppenf\u00fchrer Gruppe 3<\/h2>\n\n\n\n<p>Gruppenf\u00fchrer: Danny Schlitte<\/p>\n\n\n\n<p>Stellv. Gruppenf\u00fchrer: Olaf Kuhlmann<\/p>\n<\/div><\/div>\n\n\n\n<div class=\"wp-block-media-text is-stacked-on-mobile\"><figure class=\"wp-block-media-text__media\"><img decoding=\"async\" width=\"768\" height=\"1024\" src=\"https:\/\/www.feuerwehr-emtinghausen.de\/wp-content\/uploads\/2024\/08\/unnamed-10-3-768x1024.jpg\" alt=\"\" class=\"wp-image-7529 size-full\" srcset=\"https:\/\/www.feuerwehr-emtinghausen.de\/wp-content\/uploads\/2024\/08\/unnamed-10-3-768x1024.jpg 768w, https:\/\/www.feuerwehr-emtinghausen.de\/wp-content\/uploads\/2024\/08\/unnamed-10-3-225x300.jpg 225w, https:\/\/www.feuerwehr-emtinghausen.de\/wp-content\/uploads\/2024\/08\/unnamed-10-3-1152x1536.jpg 1152w, https:\/\/www.feuerwehr-emtinghausen.de\/wp-content\/uploads\/2024\/08\/unnamed-10-3-1536x2048.jpg 1536w, https:\/\/www.feuerwehr-emtinghausen.de\/wp-content\/uploads\/2024\/08\/unnamed-10-3-scaled.jpg 1920w\" sizes=\"(max-width: 768px) 100vw, 768px\" \/><\/figure><div class=\"wp-block-media-text__content\">\n<h2 class=\"wp-block-heading has-text-align-center\">Jugendfeuerwehr<\/h2>\n\n\n\n<p>Jugendwartin: Franziska Wei\u00df<\/p>\n\n\n\n<p>Stellv. Jugendwart: Till St\u00f6ver <\/p>\n<\/div><\/div>\n\n\n\n<div class=\"wp-block-media-text is-stacked-on-mobile\"><figure class=\"wp-block-media-text__media\"><img decoding=\"async\" width=\"768\" height=\"1024\" src=\"https:\/\/www.feuerwehr-emtinghausen.de\/wp-content\/uploads\/2024\/08\/unnamed-7-2-768x1024.jpg\" alt=\"\" class=\"wp-image-7531 size-full\" srcset=\"https:\/\/www.feuerwehr-emtinghausen.de\/wp-content\/uploads\/2024\/08\/unnamed-7-2-768x1024.jpg 768w, https:\/\/www.feuerwehr-emtinghausen.de\/wp-content\/uploads\/2024\/08\/unnamed-7-2-225x300.jpg 225w, https:\/\/www.feuerwehr-emtinghausen.de\/wp-content\/uploads\/2024\/08\/unnamed-7-2-1152x1536.jpg 1152w, https:\/\/www.feuerwehr-emtinghausen.de\/wp-content\/uploads\/2024\/08\/unnamed-7-2-1536x2048.jpg 1536w, https:\/\/www.feuerwehr-emtinghausen.de\/wp-content\/uploads\/2024\/08\/unnamed-7-2-scaled.jpg 1920w\" sizes=\"(max-width: 768px) 100vw, 768px\" \/><\/figure><div class=\"wp-block-media-text__content\">\n<h2 class=\"wp-block-heading has-text-align-center\">Atemschutz<\/h2>\n\n\n\n<p>Atemschutzger\u00e4tewart: Danny Schlitte<\/p>\n\n\n\n<p>Stellv. Atemschutzger\u00e4tewart: Olaf Kuhlmann<\/p>\n<\/div><\/div>\n\n\n\n<div class=\"wp-block-media-text is-stacked-on-mobile\"><figure class=\"wp-block-media-text__media\"><img loading=\"lazy\" decoding=\"async\" width=\"720\" height=\"480\" src=\"https:\/\/www.feuerwehr-emtinghausen.de\/wp-content\/uploads\/2024\/04\/1kkakgzk6puif3od5ze8nr739uu2hlbh.jpg\" alt=\"\" class=\"wp-image-7032 size-full\" srcset=\"https:\/\/www.feuerwehr-emtinghausen.de\/wp-content\/uploads\/2024\/04\/1kkakgzk6puif3od5ze8nr739uu2hlbh.jpg 720w, https:\/\/www.feuerwehr-emtinghausen.de\/wp-content\/uploads\/2024\/04\/1kkakgzk6puif3od5ze8nr739uu2hlbh-300x200.jpg 300w, https:\/\/www.feuerwehr-emtinghausen.de\/wp-content\/uploads\/2024\/04\/1kkakgzk6puif3od5ze8nr739uu2hlbh-120x80.jpg 120w\" sizes=\"(max-width: 720px) 100vw, 720px\" \/><\/figure><div class=\"wp-block-media-text__content\">\n<h2 class=\"wp-block-heading has-text-align-center\">Ger\u00e4tewarte<\/h2>\n\n\n\n<p>Ger\u00e4tewart: Tim Apmann<\/p>\n\n\n\n<p>Stellv. Ger\u00e4tewart: Thore Jan\u00dfen<\/p>\n\n\n\n<p>Stellv. Ger\u00e4tewart: Wilco Asendorf<\/p>\n<\/div><\/div>\n\n\n\n<div class=\"wp-block-media-text is-stacked-on-mobile\"><figure class=\"wp-block-media-text__media\"><img loading=\"lazy\" decoding=\"async\" width=\"768\" height=\"1024\" src=\"https:\/\/www.feuerwehr-emtinghausen.de\/wp-content\/uploads\/2024\/08\/unnamed-2-4-768x1024.jpg\" alt=\"\" class=\"wp-image-7532 size-full\" srcset=\"https:\/\/www.feuerwehr-emtinghausen.de\/wp-content\/uploads\/2024\/08\/unnamed-2-4-768x1024.jpg 768w, https:\/\/www.feuerwehr-emtinghausen.de\/wp-content\/uploads\/2024\/08\/unnamed-2-4-225x300.jpg 225w, https:\/\/www.feuerwehr-emtinghausen.de\/wp-content\/uploads\/2024\/08\/unnamed-2-4-1152x1536.jpg 1152w, https:\/\/www.feuerwehr-emtinghausen.de\/wp-content\/uploads\/2024\/08\/unnamed-2-4-1536x2048.jpg 1536w, https:\/\/www.feuerwehr-emtinghausen.de\/wp-content\/uploads\/2024\/08\/unnamed-2-4-scaled.jpg 1920w\" sizes=\"(max-width: 768px) 100vw, 768px\" \/><\/figure><div class=\"wp-block-media-text__content\">\n<h2 class=\"wp-block-heading has-text-align-center\">Funk<\/h2>\n\n\n\n<p>Funkbeauftragter: Matthis Just<\/p>\n<\/div><\/div>\n\n\n\n<div class=\"wp-block-media-text is-stacked-on-mobile\"><figure class=\"wp-block-media-text__media\"><img loading=\"lazy\" decoding=\"async\" width=\"673\" height=\"379\" src=\"https:\/\/www.feuerwehr-emtinghausen.de\/wp-content\/uploads\/2024\/04\/zeugwart.jpg\" alt=\"\" class=\"wp-image-7035 size-full\" srcset=\"https:\/\/www.feuerwehr-emtinghausen.de\/wp-content\/uploads\/2024\/04\/zeugwart.jpg 673w, https:\/\/www.feuerwehr-emtinghausen.de\/wp-content\/uploads\/2024\/04\/zeugwart-300x169.jpg 300w\" sizes=\"(max-width: 673px) 100vw, 673px\" \/><\/figure><div class=\"wp-block-media-text__content\">\n<h2 class=\"wp-block-heading has-text-align-center\">Zeugwart<\/h2>\n\n\n\n<p>Zeugwart: Michael M\u00fcller<\/p>\n\n\n\n<p>Stellv. Zeugwart: Rigo Peters<\/p>\n\n\n\n<p>Stellv. Zeugwart: Tim Apmann<\/p>\n<\/div><\/div>\n\n\n\n<div class=\"wp-block-media-text is-stacked-on-mobile is-vertically-aligned-center\"><figure class=\"wp-block-media-text__media\"><img loading=\"lazy\" decoding=\"async\" width=\"768\" height=\"1024\" src=\"https:\/\/www.feuerwehr-emtinghausen.de\/wp-content\/uploads\/2024\/08\/unnamed-4-1-768x1024.jpg\" alt=\"\" class=\"wp-image-7533 size-full\" srcset=\"https:\/\/www.feuerwehr-emtinghausen.de\/wp-content\/uploads\/2024\/08\/unnamed-4-1-768x1024.jpg 768w, https:\/\/www.feuerwehr-emtinghausen.de\/wp-content\/uploads\/2024\/08\/unnamed-4-1-225x300.jpg 225w, https:\/\/www.feuerwehr-emtinghausen.de\/wp-content\/uploads\/2024\/08\/unnamed-4-1-1152x1536.jpg 1152w, https:\/\/www.feuerwehr-emtinghausen.de\/wp-content\/uploads\/2024\/08\/unnamed-4-1-1536x2048.jpg 1536w, https:\/\/www.feuerwehr-emtinghausen.de\/wp-content\/uploads\/2024\/08\/unnamed-4-1-scaled.jpg 1920w\" sizes=\"(max-width: 768px) 100vw, 768px\" \/><\/figure><div class=\"wp-block-media-text__content\">\n<h2 class=\"wp-block-heading has-text-align-center\">Kassenverwaltung<\/h2>\n\n\n\n<p>Kassenwart: Roland Weisenstein<\/p>\n\n\n\n<p>Stellv. Kassenwartin: Silke Sudmann<\/p>\n<\/div><\/div>\n\n\n\n<div class=\"wp-block-media-text is-stacked-on-mobile\"><figure class=\"wp-block-media-text__media\"><img loading=\"lazy\" decoding=\"async\" width=\"768\" height=\"1024\" src=\"https:\/\/www.feuerwehr-emtinghausen.de\/wp-content\/uploads\/2024\/08\/unnamed-6-1-768x1024.jpg\" alt=\"\" class=\"wp-image-7534 size-full\" srcset=\"https:\/\/www.feuerwehr-emtinghausen.de\/wp-content\/uploads\/2024\/08\/unnamed-6-1-768x1024.jpg 768w, https:\/\/www.feuerwehr-emtinghausen.de\/wp-content\/uploads\/2024\/08\/unnamed-6-1-225x300.jpg 225w, https:\/\/www.feuerwehr-emtinghausen.de\/wp-content\/uploads\/2024\/08\/unnamed-6-1-1152x1536.jpg 1152w, https:\/\/www.feuerwehr-emtinghausen.de\/wp-content\/uploads\/2024\/08\/unnamed-6-1-1536x2048.jpg 1536w, https:\/\/www.feuerwehr-emtinghausen.de\/wp-content\/uploads\/2024\/08\/unnamed-6-1-scaled.jpg 1920w\" sizes=\"(max-width: 768px) 100vw, 768px\" \/><\/figure><div class=\"wp-block-media-text__content\">\n<h2 class=\"wp-block-heading has-text-align-center\">Sicherheitsbeauftragter<\/h2>\n\n\n\n<p>Sicherheitsbeauftragter: Marc Gr\u00fcnewald<\/p>\n\n\n\n<p>Stellv. Sicherheitsbeauftragter: Florian Langner<\/p>\n<\/div><\/div>\n\n\n\n<div class=\"wp-block-media-text is-stacked-on-mobile\"><figure class=\"wp-block-media-text__media\"><img loading=\"lazy\" decoding=\"async\" width=\"354\" height=\"233\" src=\"https:\/\/www.feuerwehr-emtinghausen.de\/wp-content\/uploads\/2024\/04\/malte.png\" alt=\"\" class=\"wp-image-7042 size-full\" srcset=\"https:\/\/www.feuerwehr-emtinghausen.de\/wp-content\/uploads\/2024\/04\/malte.png 354w, https:\/\/www.feuerwehr-emtinghausen.de\/wp-content\/uploads\/2024\/04\/malte-300x197.png 300w, https:\/\/www.feuerwehr-emtinghausen.de\/wp-content\/uploads\/2024\/04\/malte-120x80.png 120w\" sizes=\"(max-width: 354px) 100vw, 354px\" \/><\/figure><div class=\"wp-block-media-text__content\">\n<h2 class=\"wp-block-heading has-text-align-center\">Schriftf\u00fchrer<\/h2>\n\n\n\n<p>Schriftf\u00fchrer: Malte M\u00fcller<\/p>\n<\/div><\/div>\n\n\n\n<div class=\"wp-block-media-text is-stacked-on-mobile\"><figure class=\"wp-block-media-text__media\"><img loading=\"lazy\" decoding=\"async\" width=\"549\" height=\"338\" src=\"https:\/\/www.feuerwehr-emtinghausen.de\/wp-content\/uploads\/2024\/04\/senioren.png\" alt=\"\" class=\"wp-image-7044 size-full\" srcset=\"https:\/\/www.feuerwehr-emtinghausen.de\/wp-content\/uploads\/2024\/04\/senioren.png 549w, https:\/\/www.feuerwehr-emtinghausen.de\/wp-content\/uploads\/2024\/04\/senioren-300x185.png 300w\" sizes=\"(max-width: 549px) 100vw, 549px\" \/><\/figure><div class=\"wp-block-media-text__content\">\n<h2 class=\"wp-block-heading has-text-align-center\">Altersabteilung<\/h2>\n\n\n\n<p>Senioren Beauftragter: Siegfried Valentin<\/p>\n\n\n\n<p>Stellv. Senioren Beauftragter: Bernd Bittner<\/p>\n<\/div><\/div>\n\n\n\n<p><\/p>\n","protected":false},"excerpt":{"rendered":"<p>Gruppenf\u00fchrer Gruppe 1 Gruppenf\u00fchrer: Nils Heidorn Stellv. Gruppenf\u00fchrer: Bernd Stadtlander Gruppenf\u00fchrer Gruppe 2 Gruppenf\u00fchrer: Jens Diers Stellv. Gruppenf\u00fchrer: Steffen Wendt Gruppenf\u00fchrer Gruppe 3 Gruppenf\u00fchrer: Danny<\/p>\n","protected":false},"author":1,"featured_media":0,"parent":1083,"menu_order":3,"comment_status":"closed","ping_status":"closed","template":"","meta":{"_price":"","_stock":"","_tribe_ticket_header":"","_tribe_default_ticket_provider":"","_tribe_ticket_capacity":"0","_ticket_start_date":"","_ticket_end_date":"","_tribe_ticket_show_description":"","_tribe_ticket_show_not_going":false,"_tribe_ticket_use_global_stock":"","_tribe_ticket_global_stock_level":"","_global_stock_mode":"","_global_stock_cap":"","_tribe_rsvp_for_event":"","_tribe_ticket_going_count":"","_tribe_ticket_not_going_count":"","_tribe_tickets_list":"[]","_tribe_ticket_has_attendee_info_fields":false,"footnotes":"","_tec_slr_enabled":"","_tec_slr_layout":""},"class_list":["post-2308","page","type-page","status-publish","hentry"],"ticketed":false,"_links":{"self":[{"href":"https:\/\/www.feuerwehr-emtinghausen.de\/index.php\/wp-json\/wp\/v2\/pages\/2308","targetHints":{"allow":["GET"]}}],"collection":[{"href":"https:\/\/www.feuerwehr-emtinghausen.de\/index.php\/wp-json\/wp\/v2\/pages"}],"about":[{"href":"https:\/\/www.feuerwehr-emtinghausen.de\/index.php\/wp-json\/wp\/v2\/types\/page"}],"author":[{"embeddable":true,"href":"https:\/\/www.feuerwehr-emtinghausen.de\/index.php\/wp-json\/wp\/v2\/users\/1"}],"replies":[{"embeddable":true,"href":"https:\/\/www.feuerwehr-emtinghausen.de\/index.php\/wp-json\/wp\/v2\/comments?post=2308"}],"version-history":[{"count":21,"href":"https:\/\/www.feuerwehr-emtinghausen.de\/index.php\/wp-json\/wp\/v2\/pages\/2308\/revisions"}],"predecessor-version":[{"id":7563,"href":"https:\/\/www.feuerwehr-emtinghausen.de\/index.php\/wp-json\/wp\/v2\/pages\/2308\/revisions\/7563"}],"up":[{"embeddable":true,"href":"https:\/\/www.feuerwehr-emtinghausen.de\/index.php\/wp-json\/wp\/v2\/pages\/1083"}],"wp:attachment":[{"href":"https:\/\/www.feuerwehr-emtinghausen.de\/index.php\/wp-json\/wp\/v2\/media?parent=2308"}],"curies":[{"name":"wp","href":"https:\/\/api.w.org\/{rel}","templated":true}]}}