{"id":5226,"date":"2022-02-05T13:04:44","date_gmt":"2022-02-05T12:04:44","guid":{"rendered":"https:\/\/www.feuerwehr-emtinghausen.de\/?page_id=5226"},"modified":"2022-02-05T13:07:48","modified_gmt":"2022-02-05T12:07:48","slug":"einsaetze-2022","status":"publish","type":"page","link":"https:\/\/www.feuerwehr-emtinghausen.de\/index.php\/einsaetze\/einsaetze-2022\/","title":{"rendered":"Eins\u00e4tze 2022"},"content":{"rendered":"\n<table id=\"tablepress-8\" class=\"tablepress tablepress-id-8\">\n<thead>\n<tr class=\"row-1\">\n\t<th class=\"column-1\">Nr.<\/th><th class=\"column-2\">Datum<\/th><th class=\"column-3\">Uhrzeit<\/th><th class=\"column-4\">Einsatzart<\/th><th class=\"column-5\">Stra\u00dfe<\/th><th class=\"column-6\">Ort<\/th>\n<\/tr>\n<\/thead>\n<tbody class=\"row-striping row-hover\">\n<tr class=\"row-2\">\n\t<td class=\"column-1\">39<\/td><td class=\"column-2\">27.12.2022<\/td><td class=\"column-3\">16:59<\/td><td class=\"column-4\"><a href=\"https:\/\/www.feuerwehr-emtinghausen.de\/index.php\/2022\/12\/28\/technische-hilfeleistung-pkw-unfall\/\">Technische Hilfeleistung \u2013 PKW Unfall<\/a><\/td><td class=\"column-5\">Bremer Str.<\/td><td class=\"column-6\">Emtinghausen<\/td>\n<\/tr>\n<tr class=\"row-3\">\n\t<td class=\"column-1\">38<\/td><td class=\"column-2\">29.09.2022<\/td><td class=\"column-3\">10:45<\/td><td class=\"column-4\"><a href=\"https:\/\/www.feuerwehr-emtinghausen.de\/index.php\/2022\/10\/03\/grossbrand-werkstatt-in-emtinghausen-brennt-nieder\/\">Gro\u00dfbrand \u2013 Werkstatt in Emtinghausen brennt nieder<\/a><\/td><td class=\"column-5\">Syker Str.<\/td><td class=\"column-6\">Emtinghausen<\/td>\n<\/tr>\n<tr class=\"row-4\">\n\t<td class=\"column-1\">37<\/td><td class=\"column-2\">02.09.2022<\/td><td class=\"column-3\">05:58<\/td><td class=\"column-4\"><a href=\"https:\/\/www.feuerwehr-emtinghausen.de\/index.php\/2022\/09\/05\/grossbrand-strohballen-brand-in-thedinghausen-eissel\/\">Gro\u00dfbrand \u2013 Strohballen Brand in Thedinghausen-Ei\u00dfel<\/a><\/td><td class=\"column-5\">Gro\u00df Ei\u00dfel<\/td><td class=\"column-6\">Thedinghausen<\/td>\n<\/tr>\n<tr class=\"row-5\">\n\t<td class=\"column-1\">36<\/td><td class=\"column-2\">05.08.2022<\/td><td class=\"column-3\">17:25<\/td><td class=\"column-4\">Technische Hilfeleistung - Ast droht zu fallen<\/td><td class=\"column-5\">Schulstra\u00dfe<\/td><td class=\"column-6\">Emtinghausen<\/td>\n<\/tr>\n<tr class=\"row-6\">\n\t<td class=\"column-1\">35<\/td><td class=\"column-2\">05.08.2022<\/td><td class=\"column-3\">15:38<\/td><td class=\"column-4\">Technische Hilfeleistung - Ast droht zu fallen<\/td><td class=\"column-5\">Geersstra\u00dfe<\/td><td class=\"column-6\">Emtinghausen<\/td>\n<\/tr>\n<tr class=\"row-7\">\n\t<td class=\"column-1\">34<\/td><td class=\"column-2\">04.08.2022<\/td><td class=\"column-3\">19:29<\/td><td class=\"column-4\">Technische Hilfeleistung - Ast droht zu fallen<\/td><td class=\"column-5\">Syker Stra\u00dfe<\/td><td class=\"column-6\">Emtinghausen<\/td>\n<\/tr>\n<tr class=\"row-8\">\n\t<td class=\"column-1\">33<\/td><td class=\"column-2\">04.08.2022<\/td><td class=\"column-3\">17:59<\/td><td class=\"column-4\">Technische Hilfeleistung - Baum auf Stra\u00dfe<\/td><td class=\"column-5\">Gartenweg<\/td><td class=\"column-6\">Emtinghausen<\/td>\n<\/tr>\n<tr class=\"row-9\">\n\t<td class=\"column-1\">32<\/td><td class=\"column-2\">04.08.2022<\/td><td class=\"column-3\">17:09<\/td><td class=\"column-4\">Technische Hilfeleistung - Baum auf Stra\u00dfe<\/td><td class=\"column-5\">Syker Stra\u00dfe<\/td><td class=\"column-6\">Emtinghausen<\/td>\n<\/tr>\n<tr class=\"row-10\">\n\t<td class=\"column-1\">31<\/td><td class=\"column-2\">04.08.2022<\/td><td class=\"column-3\">16:36<\/td><td class=\"column-4\"><a href=\"https:\/\/www.feuerwehr-emtinghausen.de\/index.php\/2022\/08\/09\/technische-hilfeleistungen-unwettereinsaetze-2\/\">Technische Hilfeleistung - Baum auf Stra\u00dfe<\/a><\/td><td class=\"column-5\">Bremer Stra\u00dfe<\/td><td class=\"column-6\">Emtinghausen<\/td>\n<\/tr>\n<tr class=\"row-11\">\n\t<td class=\"column-1\">30<\/td><td class=\"column-2\">11.07.2022<\/td><td class=\"column-3\">10:42<\/td><td class=\"column-4\"><a href=\"https:\/\/www.feuerwehr-emtinghausen.de\/index.php\/2022\/07\/11\/technische-hilfeleistung-oelspur-5\/\">Technische Hilfeleistung \u2013 \u00d6lspur<\/a><\/td><td class=\"column-5\">Kreuzung Emtinghausen<\/td><td class=\"column-6\">Emtinghausen<\/td>\n<\/tr>\n<tr class=\"row-12\">\n\t<td class=\"column-1\">29<\/td><td class=\"column-2\">06.07.2022<\/td><td class=\"column-3\">14:39<\/td><td class=\"column-4\"><a href=\"https:\/\/www.feuerwehr-emtinghausen.de\/index.php\/2022\/07\/06\/technische-hilfeleistung-gasleitung-zerstoert\/\">Technische Hilfeleistung \u2013 Gasleitung zerst\u00f6rt<\/a><\/td><td class=\"column-5\">K\u00e4pt'n-L\u00fcers-Stra\u00dfe<\/td><td class=\"column-6\">Thedinghausen<\/td>\n<\/tr>\n<tr class=\"row-13\">\n\t<td class=\"column-1\">28<\/td><td class=\"column-2\">27.05.2022<\/td><td class=\"column-3\">14:31<\/td><td class=\"column-4\"><a href=\"https:\/\/www.feuerwehr-emtinghausen.de\/index.php\/2022\/05\/27\/technische-hilfeleistung-sturmschaden\/\">Technische Hilfeleistung \u2013 Sturmschaden<\/a><\/td><td class=\"column-5\">Donnerstedter Weg<\/td><td class=\"column-6\">Emtinghausen<\/td>\n<\/tr>\n<tr class=\"row-14\">\n\t<td class=\"column-1\">27<\/td><td class=\"column-2\">25.05.2022<\/td><td class=\"column-3\">20:31<\/td><td class=\"column-4\"><a href=\"https:\/\/www.feuerwehr-emtinghausen.de\/index.php\/2022\/05\/27\/technische-hilfeleistung-sturmschaden-beseitigen\/\">Technische Hilfeleistung \u2013 Sturmschaden beseitigen<\/a><\/td><td class=\"column-5\">Syker Stra\u00dfe<\/td><td class=\"column-6\">Emtinghausen<\/td>\n<\/tr>\n<tr class=\"row-15\">\n\t<td class=\"column-1\">26<\/td><td class=\"column-2\">20.05.2022<\/td><td class=\"column-3\">17:41<\/td><td class=\"column-4\"><a href=\"https:\/\/www.feuerwehr-emtinghausen.de\/index.php\/2022\/05\/21\/technische-hilfeleistung-sturmschaeden-nachlese\/\">Technische Hilfeleistung \u2013 Sturmsch\u00e4den (Nachlese)<\/a><\/td><td class=\"column-5\">Bremer Stra\u00dfe<\/td><td class=\"column-6\">Emtinghausen<\/td>\n<\/tr>\n<tr class=\"row-16\">\n\t<td class=\"column-1\">25<\/td><td class=\"column-2\">19.05.2022<\/td><td class=\"column-3\">17:31<\/td><td class=\"column-4\"><a href=\"https:\/\/www.feuerwehr-emtinghausen.de\/index.php\/2022\/05\/20\/einsatz-technische-hilfeleistung-sturmschaeden\/\">Einsatz: Technische Hilfeleistung Sturmsch\u00e4den<\/a><\/td><td class=\"column-5\">Bremer Stra\u00dfe<\/td><td class=\"column-6\">Emtinghausen<\/td>\n<\/tr>\n<tr class=\"row-17\">\n\t<td class=\"column-1\">24<\/td><td class=\"column-2\">11.05.2022<\/td><td class=\"column-3\">20:16<\/td><td class=\"column-4\"><a href=\"https:\/\/www.feuerwehr-emtinghausen.de\/index.php\/2022\/05\/12\/einsatz-technische-hilfeleistung-olsspur\/\">Einsatz: Technische Hilfeleistung \u00d6lsspur<\/a><\/td><td class=\"column-5\">Fladenweg<\/td><td class=\"column-6\">Emtinghausen<\/td>\n<\/tr>\n<tr class=\"row-18\">\n\t<td class=\"column-1\">23<\/td><td class=\"column-2\">01.04.2022<\/td><td class=\"column-3\">17:42<\/td><td class=\"column-4\"><a href=\"https:\/\/www.feuerwehr-emtinghausen.de\/index.php\/2022\/04\/02\/einsatz-technische-hilfeleistung-pkw-unfall-mit-eingeklemmter-person\/\">Einsatz: Technische Hilfeleistung \u2013 PKW Unfall mit eingeklemmter Person<\/a><\/td><td class=\"column-5\">Syker Stra\u00dfe<\/td><td class=\"column-6\">Emtinghausen<\/td>\n<\/tr>\n<tr class=\"row-19\">\n\t<td class=\"column-1\">22<\/td><td class=\"column-2\">10.03.2022<\/td><td class=\"column-3\">15:44<\/td><td class=\"column-4\">Technische Hilfeleistung - Tragehilfe Rettungsdienst<\/td><td class=\"column-5\"><\/td><td class=\"column-6\">Emtinghausen<\/td>\n<\/tr>\n<tr class=\"row-20\">\n\t<td class=\"column-1\">21<\/td><td class=\"column-2\">20.02.2022<\/td><td class=\"column-3\">13:46<\/td><td class=\"column-4\"><a href=\"https:\/\/www.feuerwehr-emtinghausen.de\/index.php\/2022\/02\/20\/technische-hilfeleistung-baum-droht-zu-fallen\/\">Unwettereinsatz - Baum droht zu fallen<\/a><\/td><td class=\"column-5\">Heerenkamp<\/td><td class=\"column-6\">Emtinghausen<\/td>\n<\/tr>\n<tr class=\"row-21\">\n\t<td class=\"column-1\">20<\/td><td class=\"column-2\">19.02.2022<\/td><td class=\"column-3\">14:22<\/td><td class=\"column-4\"><a href=\"https:\/\/www.feuerwehr-emtinghausen.de\/index.php\/2022\/02\/19\/technische-hilfeleistung-baum-droht-auf-strasse-zu-fallen\/\">Unwettereinsatz - Baum droht zu fallen<\/a><\/td><td class=\"column-5\">Waldweg<\/td><td class=\"column-6\">Emtinghausen<\/td>\n<\/tr>\n<tr class=\"row-22\">\n\t<td class=\"column-1\">19<\/td><td class=\"column-2\">19.02.2022<\/td><td class=\"column-3\">06:00<\/td><td class=\"column-4\">Unwettereinsatz - Baum auf Stra\u00dfe<\/td><td class=\"column-5\">Deichstra\u00dfe<\/td><td class=\"column-6\">Emtinghausen<\/td>\n<\/tr>\n<tr class=\"row-23\">\n\t<td class=\"column-1\">18<\/td><td class=\"column-2\">19.02.2022<\/td><td class=\"column-3\">05:30<\/td><td class=\"column-4\">Unwettereinsatz - Baum auf Haus<\/td><td class=\"column-5\">Bremer Stra\u00dfe<\/td><td class=\"column-6\">Emtinghausen<\/td>\n<\/tr>\n<tr class=\"row-24\">\n\t<td class=\"column-1\">17<\/td><td class=\"column-2\">19.02.2022<\/td><td class=\"column-3\">05:00<\/td><td class=\"column-4\">Unwettereinsatz - Baum auf Stra\u00dfe<\/td><td class=\"column-5\">Pahlfortweg<\/td><td class=\"column-6\">Emtinghausen<\/td>\n<\/tr>\n<tr class=\"row-25\">\n\t<td class=\"column-1\">16<\/td><td class=\"column-2\">19.02.2022<\/td><td class=\"column-3\">04:30<\/td><td class=\"column-4\">Unwettereinsatz - Baum auf Stra\u00dfe<\/td><td class=\"column-5\">Im Moor<\/td><td class=\"column-6\">Emtinghausen<\/td>\n<\/tr>\n<tr class=\"row-26\">\n\t<td class=\"column-1\">15<\/td><td class=\"column-2\">19.02.2022<\/td><td class=\"column-3\">04:00<\/td><td class=\"column-4\">Unwettereinsatz - Hilfeleistung<\/td><td class=\"column-5\">Bremer Stra\u00dfe - Schwarmer Furt<\/td><td class=\"column-6\">Emtinghausen<\/td>\n<\/tr>\n<tr class=\"row-27\">\n\t<td class=\"column-1\">14<\/td><td class=\"column-2\">19.02.2022<\/td><td class=\"column-3\">03:30<\/td><td class=\"column-4\">Unwettereinsatz - B\u00e4ume auf Stra\u00dfe<\/td><td class=\"column-5\">Im Holze<\/td><td class=\"column-6\">Emtinghausen<\/td>\n<\/tr>\n<tr class=\"row-28\">\n\t<td class=\"column-1\">13<\/td><td class=\"column-2\">19.02.2022<\/td><td class=\"column-3\">02:40<\/td><td class=\"column-4\">Unwettereinsatz - B\u00e4ume auf Stra\u00dfe<\/td><td class=\"column-5\">Fladenweg<\/td><td class=\"column-6\">Emtinghausen<\/td>\n<\/tr>\n<tr class=\"row-29\">\n\t<td class=\"column-1\">12<\/td><td class=\"column-2\">19.02.2022<\/td><td class=\"column-3\">02:20<\/td><td class=\"column-4\">Unwettereinsatz - B\u00e4ume auf Stra\u00dfe<\/td><td class=\"column-5\">Strahmweg<\/td><td class=\"column-6\">Emtinghausen<\/td>\n<\/tr>\n<tr class=\"row-30\">\n\t<td class=\"column-1\">11<\/td><td class=\"column-2\">19.02.2022<\/td><td class=\"column-3\">02:20<\/td><td class=\"column-4\">Unwettereinsatz - Baum auf Haus<\/td><td class=\"column-5\">Willenbruch<\/td><td class=\"column-6\">Emtinghausen<\/td>\n<\/tr>\n<tr class=\"row-31\">\n\t<td class=\"column-1\">10<\/td><td class=\"column-2\">19.02.2022<\/td><td class=\"column-3\">02:00<\/td><td class=\"column-4\">Unwettereinsatz - Baum auf Stra\u00dfe<\/td><td class=\"column-5\">Dorfstra\u00dfe<\/td><td class=\"column-6\">Emtinghausen<\/td>\n<\/tr>\n<tr class=\"row-32\">\n\t<td class=\"column-1\">9<\/td><td class=\"column-2\">19.02.2022<\/td><td class=\"column-3\">01:09<\/td><td class=\"column-4\">Unwettereinsatz - Baum auf Auto<\/td><td class=\"column-5\">Lange Stra\u00dfe<\/td><td class=\"column-6\">Emtinghausen<\/td>\n<\/tr>\n<tr class=\"row-33\">\n\t<td class=\"column-1\">8<\/td><td class=\"column-2\">18.02.2022<\/td><td class=\"column-3\">22:42<\/td><td class=\"column-4\">Unwettereinsatz - Hilfeleistung<\/td><td class=\"column-5\">Syker Stra\u00dfe - Kreuzung<\/td><td class=\"column-6\">Emtinghausen<\/td>\n<\/tr>\n<tr class=\"row-34\">\n\t<td class=\"column-1\">7<\/td><td class=\"column-2\">18.02.2022<\/td><td class=\"column-3\">21:20<\/td><td class=\"column-4\">Unwettereinsatz - Hilfeleistung<\/td><td class=\"column-5\">Syker Stra\u00dfe<\/td><td class=\"column-6\">Thedinghausen<\/td>\n<\/tr>\n<tr class=\"row-35\">\n\t<td class=\"column-1\">6<\/td><td class=\"column-2\">18.02.2022<\/td><td class=\"column-3\">20:56<\/td><td class=\"column-4\">Unwettereinsatz - Baum auf Stra\u00dfe<\/td><td class=\"column-5\">Bartelsstra\u00dfe<\/td><td class=\"column-6\">Emtinghausen<\/td>\n<\/tr>\n<tr class=\"row-36\">\n\t<td class=\"column-1\">5<\/td><td class=\"column-2\">18.02.2022<\/td><td class=\"column-3\">19:25<\/td><td class=\"column-4\">Unwettereinsatz - Baum auf Stra\u00dfe<\/td><td class=\"column-5\">Syker Stra\u00dfe - In der Loge<\/td><td class=\"column-6\">Emtinghausen<\/td>\n<\/tr>\n<tr class=\"row-37\">\n\t<td class=\"column-1\">4<\/td><td class=\"column-2\">17.02.2022<\/td><td class=\"column-3\">08:30<\/td><td class=\"column-4\"><a href=\"https:\/\/www.feuerwehr-emtinghausen.de\/index.php\/2022\/02\/20\/technische-hilfeleistungen-baeume-auf-strasse\/\">Technische Hilfeleistung - Baum auf Stra\u00dfe<\/a><\/td><td class=\"column-5\">Bremer Stra\u00dfe<\/td><td class=\"column-6\">Emtinghausen<\/td>\n<\/tr>\n<tr class=\"row-38\">\n\t<td class=\"column-1\">3<\/td><td class=\"column-2\">17.02.2022<\/td><td class=\"column-3\">06:10<\/td><td class=\"column-4\">Technische Hilfeleistung - Baum auf Stra\u00dfe<\/td><td class=\"column-5\">Strahmweg<\/td><td class=\"column-6\">Emtinghausen<\/td>\n<\/tr>\n<tr class=\"row-39\">\n\t<td class=\"column-1\">2<\/td><td class=\"column-2\">17.02.2022<\/td><td class=\"column-3\">05:45<\/td><td class=\"column-4\">Technische Hilfeleistung - Baum auf Stra\u00dfe<\/td><td class=\"column-5\">Syker Stra\u00dfe<\/td><td class=\"column-6\">Emtinghausen<\/td>\n<\/tr>\n<tr class=\"row-40\">\n\t<td class=\"column-1\">1<\/td><td class=\"column-2\">30.01.2022<\/td><td class=\"column-3\">11:52<\/td><td class=\"column-4\"><a href=\"https:\/\/www.feuerwehr-emtinghausen.de\/index.php\/rl_gallery\/2022_0130-baum-auf-strasse\/\">Technische Hilfeleistung - Baum auf Stra\u00dfe<\/a><\/td><td class=\"column-5\">Donnerstedter Weg<\/td><td class=\"column-6\">Emtinghausen<\/td>\n<\/tr>\n<\/tbody>\n<\/table>\n<!-- #tablepress-8 from cache -->\n","protected":false},"excerpt":{"rendered":"","protected":false},"author":1,"featured_media":0,"parent":1051,"menu_order":0,"comment_status":"closed","ping_status":"closed","template":"","meta":{"_price":"","_stock":"","_tribe_ticket_header":"","_tribe_default_ticket_provider":"","_tribe_ticket_capacity":"0","_ticket_start_date":"","_ticket_end_date":"","_tribe_ticket_show_description":"","_tribe_ticket_show_not_going":false,"_tribe_ticket_use_global_stock":"","_tribe_ticket_global_stock_level":"","_global_stock_mode":"","_global_stock_cap":"","_tribe_rsvp_for_event":"","_tribe_ticket_going_count":"","_tribe_ticket_not_going_count":"","_tribe_tickets_list":"[]","_tribe_ticket_has_attendee_info_fields":false,"footnotes":"","_tec_slr_enabled":"","_tec_slr_layout":""},"class_list":["post-5226","page","type-page","status-publish","hentry"],"ticketed":false,"_links":{"self":[{"href":"https:\/\/www.feuerwehr-emtinghausen.de\/index.php\/wp-json\/wp\/v2\/pages\/5226","targetHints":{"allow":["GET"]}}],"collection":[{"href":"https:\/\/www.feuerwehr-emtinghausen.de\/index.php\/wp-json\/wp\/v2\/pages"}],"about":[{"href":"https:\/\/www.feuerwehr-emtinghausen.de\/index.php\/wp-json\/wp\/v2\/types\/page"}],"author":[{"embeddable":true,"href":"https:\/\/www.feuerwehr-emtinghausen.de\/index.php\/wp-json\/wp\/v2\/users\/1"}],"replies":[{"embeddable":true,"href":"https:\/\/www.feuerwehr-emtinghausen.de\/index.php\/wp-json\/wp\/v2\/comments?post=5226"}],"version-history":[{"count":2,"href":"https:\/\/www.feuerwehr-emtinghausen.de\/index.php\/wp-json\/wp\/v2\/pages\/5226\/revisions"}],"predecessor-version":[{"id":5231,"href":"https:\/\/www.feuerwehr-emtinghausen.de\/index.php\/wp-json\/wp\/v2\/pages\/5226\/revisions\/5231"}],"up":[{"embeddable":true,"href":"https:\/\/www.feuerwehr-emtinghausen.de\/index.php\/wp-json\/wp\/v2\/pages\/1051"}],"wp:attachment":[{"href":"https:\/\/www.feuerwehr-emtinghausen.de\/index.php\/wp-json\/wp\/v2\/media?parent=5226"}],"curies":[{"name":"wp","href":"https:\/\/api.w.org\/{rel}","templated":true}]}}