{"id":6967,"date":"2024-04-14T09:56:37","date_gmt":"2024-04-14T07:56:37","guid":{"rendered":"https:\/\/www.feuerwehr-emtinghausen.de\/?page_id=6967"},"modified":"2024-04-16T00:00:39","modified_gmt":"2024-04-15T22:00:39","slug":"gruppe-3","status":"publish","type":"page","link":"https:\/\/www.feuerwehr-emtinghausen.de\/index.php\/gruppe-3\/","title":{"rendered":"Gruppe 3"},"content":{"rendered":"\n<p>Liebe Feuerwehrbegeisterte ab 16 Jahren,<\/p>\n\n\n\n<p>wir laden euch herzlich ein, Teil der Gruppe 3 der Feuerwehr Emtinghausen zu werden! Gemeinsam m\u00f6chten wir mit euch unsere Leidenschaft f\u00fcr den Feuerwehrdienst teilen und uns jeden Mittwoch ab 19:30 Uhr treffen, um zu \u00fcben, Erfahrungen auszutauschen und als Team zu wachsen.<\/p>\n\n\n\n<p>Gruppenf\u00fchrer Danny Schlitte und sein Stellvertreter Olaf Kuhlmann hei\u00dfen euch in unserer Gemeinschaft willkommen und stehen euch mit Rat und Tat zur Seite.<\/p>\n\n\n\n<p>Egal, ob du bereits Erfahrung in der Feuerwehr hast oder ganz neu dabei bist &#8211; bei uns findest du ein offenes und unterst\u00fctzendes Umfeld, in dem du dich weiterentwickeln kannst.<\/p>\n\n\n\n<p>Wir freuen uns darauf, euch kennenzulernen und gemeinsam f\u00fcr die Sicherheit unserer Gemeinde einzutreten!<\/p>\n\n\n\n<p><br><\/p>\n\n\n\n<figure class=\"wp-block-image size-large\"><img fetchpriority=\"high\" decoding=\"async\" width=\"1024\" height=\"768\" src=\"https:\/\/www.feuerwehr-emtinghausen.de\/wp-content\/uploads\/2024\/04\/unnamed-2-1024x768.jpg\" alt=\"\" class=\"wp-image-6676\" srcset=\"https:\/\/www.feuerwehr-emtinghausen.de\/wp-content\/uploads\/2024\/04\/unnamed-2-1024x768.jpg 1024w, https:\/\/www.feuerwehr-emtinghausen.de\/wp-content\/uploads\/2024\/04\/unnamed-2-300x225.jpg 300w, https:\/\/www.feuerwehr-emtinghausen.de\/wp-content\/uploads\/2024\/04\/unnamed-2-768x576.jpg 768w, https:\/\/www.feuerwehr-emtinghausen.de\/wp-content\/uploads\/2024\/04\/unnamed-2-1536x1152.jpg 1536w, https:\/\/www.feuerwehr-emtinghausen.de\/wp-content\/uploads\/2024\/04\/unnamed-2-2048x1536.jpg 2048w\" sizes=\"(max-width: 1024px) 100vw, 1024px\" \/><\/figure>\n","protected":false},"excerpt":{"rendered":"<p>Liebe Feuerwehrbegeisterte ab 16 Jahren, wir laden euch herzlich ein, Teil der Gruppe 3 der Feuerwehr Emtinghausen zu werden! Gemeinsam m\u00f6chten wir mit euch unsere<\/p>\n","protected":false},"author":2,"featured_media":0,"parent":0,"menu_order":0,"comment_status":"closed","ping_status":"closed","template":"","meta":{"_price":"","_stock":"","_tribe_ticket_header":"","_tribe_default_ticket_provider":"","_tribe_ticket_capacity":"0","_ticket_start_date":"","_ticket_end_date":"","_tribe_ticket_show_description":"","_tribe_ticket_show_not_going":false,"_tribe_ticket_use_global_stock":"","_tribe_ticket_global_stock_level":"","_global_stock_mode":"","_global_stock_cap":"","_tribe_rsvp_for_event":"","_tribe_ticket_going_count":"","_tribe_ticket_not_going_count":"","_tribe_tickets_list":"[]","_tribe_ticket_has_attendee_info_fields":false,"footnotes":"","_tec_slr_enabled":"","_tec_slr_layout":""},"class_list":["post-6967","page","type-page","status-publish","hentry"],"ticketed":false,"_links":{"self":[{"href":"https:\/\/www.feuerwehr-emtinghausen.de\/index.php\/wp-json\/wp\/v2\/pages\/6967","targetHints":{"allow":["GET"]}}],"collection":[{"href":"https:\/\/www.feuerwehr-emtinghausen.de\/index.php\/wp-json\/wp\/v2\/pages"}],"about":[{"href":"https:\/\/www.feuerwehr-emtinghausen.de\/index.php\/wp-json\/wp\/v2\/types\/page"}],"author":[{"embeddable":true,"href":"https:\/\/www.feuerwehr-emtinghausen.de\/index.php\/wp-json\/wp\/v2\/users\/2"}],"replies":[{"embeddable":true,"href":"https:\/\/www.feuerwehr-emtinghausen.de\/index.php\/wp-json\/wp\/v2\/comments?post=6967"}],"version-history":[{"count":3,"href":"https:\/\/www.feuerwehr-emtinghausen.de\/index.php\/wp-json\/wp\/v2\/pages\/6967\/revisions"}],"predecessor-version":[{"id":7050,"href":"https:\/\/www.feuerwehr-emtinghausen.de\/index.php\/wp-json\/wp\/v2\/pages\/6967\/revisions\/7050"}],"wp:attachment":[{"href":"https:\/\/www.feuerwehr-emtinghausen.de\/index.php\/wp-json\/wp\/v2\/media?parent=6967"}],"curies":[{"name":"wp","href":"https:\/\/api.w.org\/{rel}","templated":true}]}}