{"id":7961,"date":"2025-12-27T17:18:26","date_gmt":"2025-12-27T16:18:26","guid":{"rendered":"https:\/\/www.feuerwehr-emtinghausen.de\/?page_id=7961"},"modified":"2025-12-27T17:50:45","modified_gmt":"2025-12-27T16:50:45","slug":"foerdernde-mitgliedschaft","status":"publish","type":"page","link":"https:\/\/www.feuerwehr-emtinghausen.de\/index.php\/foerdernde-mitgliedschaft\/","title":{"rendered":"F\u00f6rdernde Mitgliedschaft"},"content":{"rendered":"\n<h2 class=\"wp-block-heading\">F\u00f6rdernde Mitgliedschaft \u2013 Gemeinsam f\u00fcr unsere Feuerwehr<\/h2>\n\n\n\n<p>Sie sch\u00e4tzen die wichtige Arbeit der <strong>Freiwilligen Feuerwehr Emtinghausen-Bahlum<\/strong> und m\u00f6chten diese unterst\u00fctzen, k\u00f6nnen oder m\u00f6chten aber keinen aktiven Feuerwehrdienst leisten? Dann werden Sie <strong>f\u00f6rderndes Mitglied<\/strong> und helfen Sie mit Ihrem finanziellen Beitrag, unsere ehrenamtlichen Einsatzkr\u00e4fte zu st\u00e4rken.<\/p>\n\n\n\n<h3 class=\"wp-block-heading\">\ud83d\udd25 Ihre Unterst\u00fctzung hilft:<\/h3>\n\n\n\n<ul class=\"wp-block-list\">\n<li>\ud83c\udf93 der <strong>Aus- und Weiterbildung<\/strong> unserer ehrenamtlichen Feuerwehrangeh\u00f6rigen<\/li>\n\n\n\n<li>\ud83d\udc67\ud83e\uddd1 der <strong>Jugend- und Nachwuchsarbeit<\/strong> in der Jugendfeuerwehr Emtinghausen<\/li>\n\n\n\n<li>\ud83e\uddef der <strong>Beschaffung zus\u00e4tzlicher Ausr\u00fcstung<\/strong>, die nicht vom Tr\u00e4ger der Feuerwehr gestellt werden kann<\/li>\n\n\n\n<li>\ud83d\udea8 dem Erhalt einer <strong>leistungsf\u00e4higen und schlagkr\u00e4ftigen Einsatztruppe<\/strong><\/li>\n<\/ul>\n\n\n\n<h3 class=\"wp-block-heading\">\u2b50 Ihre Vorteile als f\u00f6rderndes Mitglied:<\/h3>\n\n\n\n<ul class=\"wp-block-list\">\n<li>\ud83d\udcb6 frei w\u00e4hlbarer Jahresbeitrag (Mindestbeitrag <strong>30 \u20ac pro Jahr<\/strong>)<\/li>\n\n\n\n<li>\u2705 <strong>keinerlei Verpflichtungen<\/strong> \u00fcber den F\u00f6rderbeitrag hinaus<\/li>\n\n\n\n<li>\ud83d\udcf0 regelm\u00e4\u00dfige <strong>Informationen \u00fcber die Arbeit<\/strong> der Feuerwehr<\/li>\n\n\n\n<li>\ud83c\udf89 <strong>Einladungen zu ausgew\u00e4hlten Veranstaltungen<\/strong> (Teilnahme freiwillig)<\/li>\n<\/ul>\n\n\n\n<p>Mit Ihrer f\u00f6rdernden Mitgliedschaft leisten Sie einen wertvollen Beitrag zur Sicherheit in unserer Gemeinde und unterst\u00fctzen Menschen, die sich ehrenamtlich f\u00fcr andere einsetzen.<\/p>\n\n\n\n<p>\ud83d\udc49 <strong>Jetzt aktiv werden:<\/strong><br>Einfach den Aufnahmeantrag ausf\u00fcllen, Beitrag festlegen und Gutes tun!<\/p>\n\n\n\n<p>Bei Fragen stehen Ihnen alle Mitglieder der Freiwilligen Feuerwehr Emtinghausen-Bahlum sowie unser Ortsbrandmeister <strong>Daniel Voigt<\/strong> gerne zur Verf\u00fcgung.<\/p>\n\n\n\n<p>Weitere Informationen und den Aufnahmeantrag finden Sie hier:<\/p>\n\n\n\n<div data-wp-interactive=\"core\/file\" class=\"wp-block-file\"><object data-wp-bind--hidden=\"!state.hasPdfPreview\" hidden class=\"wp-block-file__embed\" data=\"https:\/\/www.feuerwehr-emtinghausen.de\/wp-content\/uploads\/2025\/12\/Foerdernde-Mitgliedschaft-1.pdf-1.pdf\" type=\"application\/pdf\" style=\"width:100%;height:600px\" aria-label=\"Einbettung von Fo\u0308rdernde Mitgliedschaft.pdf.\"><\/object><a id=\"wp-block-file--media-1d628d00-c829-41a4-a488-d2916e2deaae\" href=\"https:\/\/www.feuerwehr-emtinghausen.de\/wp-content\/uploads\/2025\/12\/Foerdernde-Mitgliedschaft-1.pdf-1.pdf\">Fo\u0308rdernde Mitgliedschaft.pdf<\/a><a href=\"https:\/\/www.feuerwehr-emtinghausen.de\/wp-content\/uploads\/2025\/12\/Foerdernde-Mitgliedschaft-1.pdf-1.pdf\" class=\"wp-block-file__button wp-element-button\" download aria-describedby=\"wp-block-file--media-1d628d00-c829-41a4-a488-d2916e2deaae\">Herunterladen<\/a><\/div>\n","protected":false},"excerpt":{"rendered":"<p>F\u00f6rdernde Mitgliedschaft \u2013 Gemeinsam f\u00fcr unsere Feuerwehr Sie sch\u00e4tzen die wichtige Arbeit der Freiwilligen Feuerwehr Emtinghausen-Bahlum und m\u00f6chten diese unterst\u00fctzen, k\u00f6nnen oder m\u00f6chten aber keinen<\/p>\n","protected":false},"author":2,"featured_media":0,"parent":0,"menu_order":0,"comment_status":"closed","ping_status":"closed","template":"","meta":{"_price":"","_stock":"","_tribe_ticket_header":"","_tribe_default_ticket_provider":"","_tribe_ticket_capacity":"0","_ticket_start_date":"","_ticket_end_date":"","_tribe_ticket_show_description":"","_tribe_ticket_show_not_going":false,"_tribe_ticket_use_global_stock":"","_tribe_ticket_global_stock_level":"","_global_stock_mode":"","_global_stock_cap":"","_tribe_rsvp_for_event":"","_tribe_ticket_going_count":"","_tribe_ticket_not_going_count":"","_tribe_tickets_list":"[]","_tribe_ticket_has_attendee_info_fields":false,"footnotes":"","_tec_slr_enabled":"","_tec_slr_layout":""},"class_list":["post-7961","page","type-page","status-publish","hentry"],"ticketed":false,"_links":{"self":[{"href":"https:\/\/www.feuerwehr-emtinghausen.de\/index.php\/wp-json\/wp\/v2\/pages\/7961","targetHints":{"allow":["GET"]}}],"collection":[{"href":"https:\/\/www.feuerwehr-emtinghausen.de\/index.php\/wp-json\/wp\/v2\/pages"}],"about":[{"href":"https:\/\/www.feuerwehr-emtinghausen.de\/index.php\/wp-json\/wp\/v2\/types\/page"}],"author":[{"embeddable":true,"href":"https:\/\/www.feuerwehr-emtinghausen.de\/index.php\/wp-json\/wp\/v2\/users\/2"}],"replies":[{"embeddable":true,"href":"https:\/\/www.feuerwehr-emtinghausen.de\/index.php\/wp-json\/wp\/v2\/comments?post=7961"}],"version-history":[{"count":9,"href":"https:\/\/www.feuerwehr-emtinghausen.de\/index.php\/wp-json\/wp\/v2\/pages\/7961\/revisions"}],"predecessor-version":[{"id":7984,"href":"https:\/\/www.feuerwehr-emtinghausen.de\/index.php\/wp-json\/wp\/v2\/pages\/7961\/revisions\/7984"}],"wp:attachment":[{"href":"https:\/\/www.feuerwehr-emtinghausen.de\/index.php\/wp-json\/wp\/v2\/media?parent=7961"}],"curies":[{"name":"wp","href":"https:\/\/api.w.org\/{rel}","templated":true}]}}